{"id":6446,"date":"2021-06-24T11:05:56","date_gmt":"2021-06-24T11:05:56","guid":{"rendered":"http:\/\/capethemes.com\/demo\/culturepress\/?page_id=6446"},"modified":"2024-10-21T13:38:50","modified_gmt":"2024-10-21T11:38:50","slug":"info","status":"publish","type":"page","link":"http:\/\/muzeum.nextlevel.com.pl\/index.php\/o-nas\/info\/","title":{"rendered":"Bilety i godziny otwarcia"},"content":{"rendered":"\t\t<div data-elementor-type=\"wp-page\" data-elementor-id=\"6446\" class=\"elementor elementor-6446\">\n\t\t\t\t\t\t<section class=\"elementor-section elementor-top-section elementor-element elementor-element-d09a5d3 elementor-section-boxed elementor-section-height-default elementor-section-height-default\" data-id=\"d09a5d3\" data-element_type=\"section\">\n\t\t\t\t\t\t<div class=\"elementor-container elementor-column-gap-no\">\n\t\t\t\t\t<div class=\"elementor-column elementor-col-100 elementor-top-column elementor-element elementor-element-06e5287\" data-id=\"06e5287\" data-element_type=\"column\">\n\t\t\t<div class=\"elementor-widget-wrap elementor-element-populated\">\n\t\t\t\t\t\t<section class=\"elementor-section elementor-inner-section elementor-element elementor-element-daf5079 elementor-section-boxed elementor-section-height-default elementor-section-height-default\" data-id=\"daf5079\" data-element_type=\"section\">\n\t\t\t\t\t\t<div class=\"elementor-container elementor-column-gap-wider\">\n\t\t\t\t\t<div class=\"elementor-column elementor-col-50 elementor-inner-column elementor-element elementor-element-2f679c3\" data-id=\"2f679c3\" data-element_type=\"column\">\n\t\t\t<div class=\"elementor-widget-wrap elementor-element-populated\">\n\t\t\t\t\t\t<div class=\"elementor-element elementor-element-4abd557 elementor-widget elementor-widget-heading\" data-id=\"4abd557\" data-element_type=\"widget\" data-widget_type=\"heading.default\">\n\t\t\t\t<div class=\"elementor-widget-container\">\n\t\t\t<h2 class=\"elementor-heading-title elementor-size-default\">MOTONOSTALGIA - MUZEUM MOTORYZACJI W NIEBOROWIE<\/h2>\t\t<\/div>\n\t\t\t\t<\/div>\n\t\t\t\t\t<\/div>\n\t\t<\/div>\n\t\t\t\t<div class=\"elementor-column elementor-col-50 elementor-inner-column elementor-element elementor-element-ef1429b\" data-id=\"ef1429b\" data-element_type=\"column\">\n\t\t\t<div class=\"elementor-widget-wrap elementor-element-populated\">\n\t\t\t\t\t\t<div class=\"elementor-element elementor-element-ee00de6 elementor-widget elementor-widget-image\" data-id=\"ee00de6\" data-element_type=\"widget\" data-widget_type=\"image.default\">\n\t\t\t\t<div class=\"elementor-widget-container\">\n\t\t\t\t\t\t\t\t\t\t\t\t\t<img decoding=\"async\" width=\"300\" height=\"69\" src=\"http:\/\/muzeum.nextlevel.com.pl\/wp-content\/uploads\/2024\/10\/muzeum_logo_menu.jpg\" class=\"attachment-large size-large wp-image-6846\" alt=\"\" \/>\t\t\t\t\t\t\t\t\t\t\t\t\t<\/div>\n\t\t\t\t<\/div>\n\t\t\t\t\t<\/div>\n\t\t<\/div>\n\t\t\t\t\t<\/div>\n\t\t<\/section>\n\t\t\t\t<section class=\"elementor-section elementor-inner-section elementor-element elementor-element-8ba4f28 elementor-section-boxed elementor-section-height-default elementor-section-height-default\" data-id=\"8ba4f28\" data-element_type=\"section\">\n\t\t\t\t\t\t<div class=\"elementor-container elementor-column-gap-wider\">\n\t\t\t\t\t<div class=\"elementor-column elementor-col-50 elementor-inner-column elementor-element elementor-element-3d7f439\" data-id=\"3d7f439\" data-element_type=\"column\">\n\t\t\t<div class=\"elementor-widget-wrap elementor-element-populated\">\n\t\t\t\t\t\t<div class=\"elementor-element elementor-element-f4216a2 elementor-widget elementor-widget-text-editor\" data-id=\"f4216a2\" data-element_type=\"widget\" data-widget_type=\"text-editor.default\">\n\t\t\t\t<div class=\"elementor-widget-container\">\n\t\t\t\t\t\t\t<p>Nasze muzeum otwarte jest sezonowo.<\/p><p><br \/>Od weekendu majowego do ostatniego weekendu pa\u017adziernika.<br \/>Czynne w soboty i niedziele<br \/>od godz: 10:00-18:00.<\/p>\t\t\t\t\t\t<\/div>\n\t\t\t\t<\/div>\n\t\t\t\t\t<\/div>\n\t\t<\/div>\n\t\t\t\t<div class=\"elementor-column elementor-col-50 elementor-inner-column elementor-element elementor-element-7772bc9\" data-id=\"7772bc9\" data-element_type=\"column\">\n\t\t\t<div class=\"elementor-widget-wrap elementor-element-populated\">\n\t\t\t\t\t\t<div class=\"elementor-element elementor-element-a0c0ac5 elementor-widget elementor-widget-image\" data-id=\"a0c0ac5\" data-element_type=\"widget\" data-widget_type=\"image.default\">\n\t\t\t\t<div class=\"elementor-widget-container\">\n\t\t\t\t\t\t\t\t\t\t\t\t\t<img fetchpriority=\"high\" decoding=\"async\" width=\"750\" height=\"498\" src=\"http:\/\/muzeum.nextlevel.com.pl\/wp-content\/uploads\/2024\/10\/22-DSC_0576.jpg\" class=\"attachment-large size-large wp-image-6925\" alt=\"\" srcset=\"http:\/\/muzeum.nextlevel.com.pl\/wp-content\/uploads\/2024\/10\/22-DSC_0576.jpg 1000w, http:\/\/muzeum.nextlevel.com.pl\/wp-content\/uploads\/2024\/10\/22-DSC_0576-300x199.jpg 300w, http:\/\/muzeum.nextlevel.com.pl\/wp-content\/uploads\/2024\/10\/22-DSC_0576-768x510.jpg 768w, http:\/\/muzeum.nextlevel.com.pl\/wp-content\/uploads\/2024\/10\/22-DSC_0576-413x274.jpg 413w\" sizes=\"(max-width: 750px) 100vw, 750px\" \/>\t\t\t\t\t\t\t\t\t\t\t\t\t<\/div>\n\t\t\t\t<\/div>\n\t\t\t\t\t<\/div>\n\t\t<\/div>\n\t\t\t\t\t<\/div>\n\t\t<\/section>\n\t\t\t\t\t<\/div>\n\t\t<\/div>\n\t\t\t\t\t<\/div>\n\t\t<\/section>\n\t\t\t\t<section class=\"elementor-section elementor-top-section elementor-element elementor-element-2ce3ad53 elementor-section-boxed elementor-section-height-default elementor-section-height-default\" data-id=\"2ce3ad53\" data-element_type=\"section\" id=\"pricing\" data-settings=\"{&quot;background_background&quot;:&quot;classic&quot;}\">\n\t\t\t\t\t\t<div class=\"elementor-container elementor-column-gap-no\">\n\t\t\t\t\t<div class=\"elementor-column elementor-col-33 elementor-top-column elementor-element elementor-element-65c2c900 pricing\" data-id=\"65c2c900\" data-element_type=\"column\">\n\t\t\t<div class=\"elementor-widget-wrap elementor-element-populated\">\n\t\t\t\t\t\t<div class=\"elementor-element elementor-element-57e48c5f elementor-widget elementor-widget-heading\" data-id=\"57e48c5f\" data-element_type=\"widget\" data-widget_type=\"heading.default\">\n\t\t\t\t<div class=\"elementor-widget-container\">\n\t\t\t<h3 class=\"elementor-heading-title elementor-size-default\">BILET NORMALNY<\/h3>\t\t<\/div>\n\t\t\t\t<\/div>\n\t\t\t\t<div class=\"elementor-element elementor-element-51bb4e39 elementor-widget elementor-widget-counter\" data-id=\"51bb4e39\" data-element_type=\"widget\" data-widget_type=\"counter.default\">\n\t\t\t\t<div class=\"elementor-widget-container\">\n\t\t\t\t\t<div class=\"elementor-counter\">\n\t\t\t\t\t\t<div class=\"elementor-counter-number-wrapper\">\n\t\t\t\t<span class=\"elementor-counter-number-prefix\">PLN <\/span>\n\t\t\t\t<span class=\"elementor-counter-number\" data-duration=\"2000\" data-to-value=\"20\" data-from-value=\"0\" data-delimiter=\",\">0<\/span>\n\t\t\t\t<span class=\"elementor-counter-number-suffix\"><\/span>\n\t\t\t<\/div>\n\t\t<\/div>\n\t\t\t\t<\/div>\n\t\t\t\t<\/div>\n\t\t\t\t\t<\/div>\n\t\t<\/div>\n\t\t\t\t<div class=\"elementor-column elementor-col-33 elementor-top-column elementor-element elementor-element-525ce483 pricing\" data-id=\"525ce483\" data-element_type=\"column\">\n\t\t\t<div class=\"elementor-widget-wrap elementor-element-populated\">\n\t\t\t\t\t\t<div class=\"elementor-element elementor-element-6063e634 elementor-widget elementor-widget-heading\" data-id=\"6063e634\" data-element_type=\"widget\" data-widget_type=\"heading.default\">\n\t\t\t\t<div class=\"elementor-widget-container\">\n\t\t\t<h3 class=\"elementor-heading-title elementor-size-default\">BILETY ULGOWE<\/h3>\t\t<\/div>\n\t\t\t\t<\/div>\n\t\t\t\t<div class=\"elementor-element elementor-element-4b812690 elementor-widget elementor-widget-counter\" data-id=\"4b812690\" data-element_type=\"widget\" data-widget_type=\"counter.default\">\n\t\t\t\t<div class=\"elementor-widget-container\">\n\t\t\t\t\t<div class=\"elementor-counter\">\n\t\t\t<div class=\"elementor-counter-title\">DO 15 ROKU \u017bYCIA I EMERYCI PO 60 ROKU \u017bYCIA<\/div>\t\t\t<div class=\"elementor-counter-number-wrapper\">\n\t\t\t\t<span class=\"elementor-counter-number-prefix\">PLN <\/span>\n\t\t\t\t<span class=\"elementor-counter-number\" data-duration=\"2000\" data-to-value=\"15\" data-from-value=\"0\" data-delimiter=\",\">0<\/span>\n\t\t\t\t<span class=\"elementor-counter-number-suffix\"><\/span>\n\t\t\t<\/div>\n\t\t<\/div>\n\t\t\t\t<\/div>\n\t\t\t\t<\/div>\n\t\t\t\t\t<\/div>\n\t\t<\/div>\n\t\t\t\t<div class=\"elementor-column elementor-col-33 elementor-top-column elementor-element elementor-element-5dbb9809 pricing\" data-id=\"5dbb9809\" data-element_type=\"column\">\n\t\t\t<div class=\"elementor-widget-wrap elementor-element-populated\">\n\t\t\t\t\t\t<div class=\"elementor-element elementor-element-7dfff2ff elementor-widget elementor-widget-heading\" data-id=\"7dfff2ff\" data-element_type=\"widget\" data-widget_type=\"heading.default\">\n\t\t\t\t<div class=\"elementor-widget-container\">\n\t\t\t<h2 class=\"elementor-heading-title elementor-size-default\">DZIECI DO 7 LAT<\/h2>\t\t<\/div>\n\t\t\t\t<\/div>\n\t\t\t\t<div class=\"elementor-element elementor-element-20014afe elementor-widget elementor-widget-counter\" data-id=\"20014afe\" data-element_type=\"widget\" data-widget_type=\"counter.default\">\n\t\t\t\t<div class=\"elementor-widget-container\">\n\t\t\t\t\t<div class=\"elementor-counter\">\n\t\t\t<div class=\"elementor-counter-title\">WEJ\u015aCIE POD OPIEK\u0104 OSOBY DOROS\u0141EJ<\/div>\t\t\t<div class=\"elementor-counter-number-wrapper\">\n\t\t\t\t<span class=\"elementor-counter-number-prefix\">PLN <\/span>\n\t\t\t\t<span class=\"elementor-counter-number\" data-duration=\"2000\" data-to-value=\"0\" data-from-value=\"0\" data-delimiter=\",\">0<\/span>\n\t\t\t\t<span class=\"elementor-counter-number-suffix\"><\/span>\n\t\t\t<\/div>\n\t\t<\/div>\n\t\t\t\t<\/div>\n\t\t\t\t<\/div>\n\t\t\t\t\t<\/div>\n\t\t<\/div>\n\t\t\t\t\t<\/div>\n\t\t<\/section>\n\t\t\t\t<section class=\"elementor-section elementor-top-section elementor-element elementor-element-344755ec elementor-section-boxed elementor-section-height-default elementor-section-height-default\" data-id=\"344755ec\" data-element_type=\"section\" data-settings=\"{&quot;background_background&quot;:&quot;slideshow&quot;,&quot;background_slideshow_gallery&quot;:[{&quot;id&quot;:6824,&quot;url&quot;:&quot;http:\\\/\\\/muzeum.nextlevel.com.pl\\\/wp-content\\\/uploads\\\/2024\\\/10\\\/20180517_155920-1024x768-1.jpg&quot;},{&quot;id&quot;:6815,&quot;url&quot;:&quot;http:\\\/\\\/muzeum.nextlevel.com.pl\\\/wp-content\\\/uploads\\\/2024\\\/10\\\/7.jpg&quot;},{&quot;id&quot;:6825,&quot;url&quot;:&quot;http:\\\/\\\/muzeum.nextlevel.com.pl\\\/wp-content\\\/uploads\\\/2024\\\/10\\\/20180519_121108-1024x768-1.jpg&quot;},{&quot;id&quot;:6827,&quot;url&quot;:&quot;http:\\\/\\\/muzeum.nextlevel.com.pl\\\/wp-content\\\/uploads\\\/2024\\\/10\\\/20181014_150603-\\u2014-kopia-1024x768-1.jpg&quot;},{&quot;id&quot;:6826,&quot;url&quot;:&quot;http:\\\/\\\/muzeum.nextlevel.com.pl\\\/wp-content\\\/uploads\\\/2024\\\/10\\\/20181014_150706-1024x768-1.jpg&quot;},{&quot;id&quot;:6835,&quot;url&quot;:&quot;http:\\\/\\\/muzeum.nextlevel.com.pl\\\/wp-content\\\/uploads\\\/2024\\\/10\\\/DSC_0507-1024x683-1.jpg&quot;},{&quot;id&quot;:6836,&quot;url&quot;:&quot;http:\\\/\\\/muzeum.nextlevel.com.pl\\\/wp-content\\\/uploads\\\/2024\\\/10\\\/DSC_0519-1024x683-1.jpg&quot;}],&quot;background_slideshow_loop&quot;:&quot;yes&quot;,&quot;background_slideshow_slide_duration&quot;:5000,&quot;background_slideshow_slide_transition&quot;:&quot;fade&quot;,&quot;background_slideshow_transition_duration&quot;:500}\">\n\t\t\t\t\t\t\t<div class=\"elementor-background-overlay\"><\/div>\n\t\t\t\t\t\t\t<div class=\"elementor-container elementor-column-gap-wide\">\n\t\t\t\t\t<div class=\"elementor-column elementor-col-100 elementor-top-column elementor-element elementor-element-4abd4419\" data-id=\"4abd4419\" data-element_type=\"column\">\n\t\t\t<div class=\"elementor-widget-wrap elementor-element-populated\">\n\t\t\t\t\t\t<div class=\"elementor-element elementor-element-6955745 elementor-widget elementor-widget-google_maps\" data-id=\"6955745\" data-element_type=\"widget\" data-widget_type=\"google_maps.default\">\n\t\t\t\t<div class=\"elementor-widget-container\">\n\t\t\t\t\t<div class=\"elementor-custom-embed\">\n\t\t\t<iframe loading=\"lazy\"\n\t\t\t\t\tsrc=\"https:\/\/maps.google.com\/maps?q=MOTONOSTALGIA%2C%20Heleny%20Radziwi%C5%82%C5%82owej%203%2C%2099-416%20Niebor%C3%B3w&#038;t=m&#038;z=10&#038;output=embed&#038;iwloc=near\"\n\t\t\t\t\ttitle=\"MOTONOSTALGIA, Heleny Radziwi\u0142\u0142owej 3, 99-416 Niebor\u00f3w\"\n\t\t\t\t\taria-label=\"MOTONOSTALGIA, Heleny Radziwi\u0142\u0142owej 3, 99-416 Niebor\u00f3w\"\n\t\t\t><\/iframe>\n\t\t<\/div>\n\t\t\t\t<\/div>\n\t\t\t\t<\/div>\n\t\t\t\t\t<\/div>\n\t\t<\/div>\n\t\t\t\t\t<\/div>\n\t\t<\/section>\n\t\t\t\t<\/div>\n\t\t","protected":false},"excerpt":{"rendered":"<div class=\"tmnf_excerpt\"><p>MOTONOSTALGIA &#8211; MUZEUM MOTORYZACJI W NIEBOROWIE Nasze muzeum otwarte jest sezonowo. Od weekendu majowego do ostatniego weekendu pa\u017adziernika.Czynne w soboty i niedzieleod godz: 10:00-18:00. BILET NORMALNY PLN 0 BILETY ULGOWE DO 15 ROKU \u017bYCIA I EMERYCI PO 60 ROKU \u017bYCIA PLN 0 DZIECI DO 7 LAT WEJ\u015aCIE POD OPIEK\u0104 OSOBY DOROS\u0141EJ PLN 0<\/p>\n<\/div>","protected":false},"author":1,"featured_media":0,"parent":5590,"menu_order":0,"comment_status":"closed","ping_status":"closed","template":"template-fullwidth-alt.php","meta":{"footnotes":""},"class_list":["post-6446","page","type-page","status-publish","hentry"],"_links":{"self":[{"href":"http:\/\/muzeum.nextlevel.com.pl\/index.php\/wp-json\/wp\/v2\/pages\/6446","targetHints":{"allow":["GET"]}}],"collection":[{"href":"http:\/\/muzeum.nextlevel.com.pl\/index.php\/wp-json\/wp\/v2\/pages"}],"about":[{"href":"http:\/\/muzeum.nextlevel.com.pl\/index.php\/wp-json\/wp\/v2\/types\/page"}],"author":[{"embeddable":true,"href":"http:\/\/muzeum.nextlevel.com.pl\/index.php\/wp-json\/wp\/v2\/users\/1"}],"replies":[{"embeddable":true,"href":"http:\/\/muzeum.nextlevel.com.pl\/index.php\/wp-json\/wp\/v2\/comments?post=6446"}],"version-history":[{"count":8,"href":"http:\/\/muzeum.nextlevel.com.pl\/index.php\/wp-json\/wp\/v2\/pages\/6446\/revisions"}],"predecessor-version":[{"id":6965,"href":"http:\/\/muzeum.nextlevel.com.pl\/index.php\/wp-json\/wp\/v2\/pages\/6446\/revisions\/6965"}],"up":[{"embeddable":true,"href":"http:\/\/muzeum.nextlevel.com.pl\/index.php\/wp-json\/wp\/v2\/pages\/5590"}],"wp:attachment":[{"href":"http:\/\/muzeum.nextlevel.com.pl\/index.php\/wp-json\/wp\/v2\/media?parent=6446"}],"curies":[{"name":"wp","href":"https:\/\/api.w.org\/{rel}","templated":true}]}}